{"id":11,"date":"2023-01-04T14:31:33","date_gmt":"2023-01-04T13:31:33","guid":{"rendered":"http:\/\/all-egypt.ch\/?page_id=11"},"modified":"2025-05-12T15:28:21","modified_gmt":"2025-05-12T13:28:21","slug":"realisez-votre-reve-et-vivez-une-aventure-inoubliable","status":"publish","type":"page","link":"https:\/\/all-egypt.ch\/","title":{"rendered":"Bienvenue en Egypte !"},"content":{"rendered":"\n<div class=\"wp-block-columns alignwide is-layout-flex wp-container-core-columns-is-layout-9d6595d7 wp-block-columns-is-layout-flex\">\n<div class=\"wp-block-column is-layout-flow wp-block-column-is-layout-flow\" style=\"flex-basis:66.66%\">\n<p class=\"has-extra-large-font-size\"><strong>Bienvenue en \u00c9gypte !<\/strong><\/p>\n\n\n\n<p class=\"has-large-font-size\"><em>R\u00e9alisez votre r\u00eave et vivez une aventure inoubliable!<br><\/em><\/p>\n\n\n\n<p class=\"has-large-font-size\"><strong>All-Egypt <\/strong>est n\u00e9 d\u2019une passion pour ce pays&nbsp;qui fait r\u00eaver&nbsp;et du d\u00e9sir de le faire d\u00e9couvrir avec autant d\u2019\u00e9merveillement qu\u2019\u00e0 travers&nbsp;mes yeux de passionn\u00e9e en partageant une aventure inoubliable.<br><br><strong>All-Egypt <\/strong>propose r\u00e9guli\u00e8rement un&nbsp;<a href=\"https:\/\/all-egypt.ch\/index.php\/circuit-accompagne\/\" data-type=\"URL\" data-id=\"https:\/\/all-egypt.ch\/index.php\/circuit-accompagne\/\"><strong>circuit-d\u00e9couverte accompagn\u00e9<\/strong><\/a><strong>&nbsp;<\/strong>avec visites des plus beaux sites du pays.<br><br><strong>All-Egypt<\/strong> organise aussi des&nbsp;<a href=\"https:\/\/all-egypt.ch\/index.php\/voyages-accompagne\/\" data-type=\"URL\" data-id=\"https:\/\/all-egypt.ch\/index.php\/voyages-accompagne\/\"><strong>voyages individuels et de groupes sur mesure<\/strong><\/a>&nbsp;sur toute l\u2019\u00c9gypte.<br><br><strong><strong>All-Egypt<\/strong><\/strong> travaille directement avec une agence de voyage reconnue du Caire, ce qui permet d\u2019offrir&nbsp;des prestations de qualit\u00e9 \u00e0 des prix tr\u00e8s int\u00e9ressants.<br><br><strong><strong>All-Egypt<\/strong><\/strong> allie passion, professionnalisme et excellent rapport qualit\u00e9-prix. &nbsp;<br><br><strong>Au plaisir de partager une merveilleuse aventure&nbsp;!&nbsp;<\/strong><\/p>\n\n\n<div class=\"wp-block-image\">\n<figure class=\"aligncenter size-full is-resized\"><img loading=\"lazy\" decoding=\"async\" width=\"200\" height=\"200\" src=\"https:\/\/all-egypt.ch\/wp-content\/uploads\/2023\/01\/Eye_of_Horus_Right.svg_-1.png\" alt=\"\" class=\"wp-image-81\" style=\"width:90px;height:90px\" srcset=\"https:\/\/all-egypt.ch\/wp-content\/uploads\/2023\/01\/Eye_of_Horus_Right.svg_-1.png 200w, https:\/\/all-egypt.ch\/wp-content\/uploads\/2023\/01\/Eye_of_Horus_Right.svg_-1-150x150.png 150w\" sizes=\"auto, (max-width: 200px) 100vw, 200px\" \/><\/figure>\n<\/div>\n\n<div class='white' style='background:rgba(0,0,0,0); border:solid 0px #f0f0f0; border-radius:0px; padding:0px 0px 0px 0px;'>\n<div id='sample_slider' class='owl-carousel sa_owl_theme autohide-arrows' data-slider-id='sample_slider' style='visibility:hidden;'>\n<div id='sample_slider_slide01' class='sa_hover_container sa_vert_center_wrap' style='padding:5% 0%; margin:0px 0%; '><div class='sa_vert_center'><div style=\"text-align: center;padding-bottom: 10px\">\r\n<div>\r\n<div>\u00a0<\/div>\r\n<div><span style=\"font-size: 18pt\">\"Gr\u00e2ce \u00e0 toi nous avons pu <\/span><span style=\"font-size: 18pt\">r\u00e9aliser un beau r\u00eave<\/span><br \/><span style=\"font-size: 18pt\">en d\u00e9couvrant un pays fascinant et magnifique.<\/span><\/div>\r\n<div><span style=\"font-size: 18pt\">Un tout grand merci pour ta gentillesse, <\/span><\/div>\r\n<div><span style=\"font-size: 18pt\">ta disponibilit\u00e9 et ta sympathie.\"<\/span><\/div>\r\n<div><strong><span style=\"font-size: 18pt\"><em>Fernande<\/em><\/span><\/strong><\/div>\r\n<\/div>\r\n<div>\u00a0<\/div>\r\n<\/div><\/div><\/div>\n<div id='sample_slider_slide02' class='sa_hover_container sa_vert_center_wrap' style='padding:5% 0%; margin:0px 0%; '><div class='sa_vert_center'><div style=\"text-align: center;padding-bottom: 10px\">\r\n<div>\r\n<div>\u00a0<\/div>\r\n<div><span style=\"font-size: 18pt\">\"Merci de nous avoir fait partager <\/span><span style=\"font-size: 18pt\">ta passion <\/span><span style=\"font-size: 18pt\">de l\u2019Egypte. <\/span><\/div>\r\n<div><span style=\"font-size: 18pt\">Nous avons d\u00e9couvert des lieux <\/span><\/div>\r\n<div><span style=\"font-size: 18pt\">grandioses et garderons un magnifique <\/span><\/div>\r\n<div><span style=\"font-size: 18pt\">souvenir de ce pays plein de contrastes. <\/span><\/div>\r\n<div><span style=\"font-size: 18pt\">Avec toute notre amiti\u00e9.\"<\/span><\/div>\r\n<div><strong><span style=\"font-size: 18pt\">Marie-No\u00eblle<\/span><\/strong><\/div>\r\n<\/div>\r\n<div>\u00a0<\/div>\r\n<\/div><\/div><\/div>\n<div id='sample_slider_slide03' class='sa_hover_container sa_vert_center_wrap' style='padding:5% 0%; margin:0px 0%; '><div class='sa_vert_center'><div style=\"text-align: center;padding-bottom: 10px\">\r\n<div>\r\n<div>\u00a0<\/div>\r\n<div><span style=\"font-size: 18pt\">\"Magnifique, fabuleux, extraordinaire, envo\u00fbtant.. <\/span><\/div>\r\n<div><span style=\"font-size: 18pt\">Que dire devant un tel feu d\u2019artifices <\/span><\/div>\r\n<div><span style=\"font-size: 18pt\">qui a jalonn\u00e9 tout ce voyage. <\/span><\/div>\r\n<div><span style=\"font-size: 18pt\">Merci pour ton d\u00e9vouement, <\/span><\/div>\r\n<div><span style=\"font-size: 18pt\">ta sinc\u00e9rit\u00e9 et ta spontan\u00e9it\u00e9..\"<\/span><\/div>\r\n<div><strong><span style=\"font-size: 18pt\">Pierre-Andr\u00e9 et Nathalie<\/span><\/strong><\/div>\r\n<\/div>\r\n<div>\u00a0<\/div>\r\n<\/div><\/div><\/div>\n<div id='sample_slider_slide04' class='sa_hover_container sa_vert_center_wrap' style='padding:5% 0%; margin:0px 0%; '><div class='sa_vert_center'><div style=\"text-align: center;padding-bottom: 10px\">\r\n<div>\r\n<div>\u00a0<\/div>\r\n<div><span style=\"font-size: 18pt\">\"Merci pour ce magnifique voyage <\/span><span style=\"font-size: 18pt\">organis\u00e9 \u00e0 la perfection. <\/span><\/div>\r\n<div><span style=\"font-size: 18pt\">J'\u00e9prouve beaucoup <\/span><span style=\"font-size: 18pt\">de plaisir \u00e0 me rem\u00e9morer les paysages<\/span><\/div>\r\n<div><span style=\"font-size: 18pt\"> splendides <\/span><span style=\"font-size: 18pt\">et ces t\u00e9moins mill\u00e9naires d'une si riche civilisation.<\/span><\/div>\r\n<div><span style=\"font-size: 18pt\">Un tout grand merci !\"<\/span><\/div>\r\n<div><strong><span style=\"font-size: 18pt\">Michel et Pierrette<\/span><\/strong><\/div>\r\n<\/div>\r\n<div>\u00a0<\/div>\r\n<\/div><\/div><\/div>\n<div id='sample_slider_slide05' class='sa_hover_container sa_vert_center_wrap' style='padding:5% 0%; margin:0px 0%; '><div class='sa_vert_center'><p style=\"text-align: center\"><span style=\"font-size: 18pt\">Autres r\u00e9cits\u00a0<\/span><\/p>\r\n<p style=\"text-align: center\"><span style=\"font-size: 18pt\"> dans<strong> <a href=\"https:\/\/all-egypt.ch\/index.php\/livre-dor\/\">Le Livre d'Or !<\/a><\/strong><\/span><\/p>\r\n<p>&nbsp;<\/p><\/div><\/div>\n<\/div>\n<\/div>\n<script type='text\/javascript'>\n\tjQuery(document).ready(function() {\n\t\tjQuery('#sample_slider').owlCarousel({\n\t\t\titems : 1,\n\t\t\tsmartSpeed : 3000,\n\t\t\tautoplay : true,\n\t\t\tautoplayTimeout : 3500,\n\t\t\tautoplayHoverPause : true,\n\t\t\tsmartSpeed : 3000,\n\t\t\tfluidSpeed : 3000,\n\t\t\tautoplaySpeed : 3000,\n\t\t\tnavSpeed : 3000,\n\t\t\tdotsSpeed : 3000,\n\t\t\tdotsEach : 1,\n\t\t\tloop : true,\n\t\t\tnav : false,\n\t\t\tnavText : ['Previous','Next'],\n\t\t\tdots : false,\n\t\t\tresponsiveRefreshRate : 200,\n\t\t\tslideBy : 1,\n\t\t\tmergeFit : true,\n\t\t\tautoHeight : false,\n\t\t\tmouseDrag : false,\n\t\t\ttouchDrag : true\n\t\t});\n\t\tjQuery('#sample_slider').css('visibility', 'visible');\n\t\tsa_resize_sample_slider();\n\t\twindow.addEventListener('resize', sa_resize_sample_slider);\n\t\tfunction sa_resize_sample_slider() {\n\t\t\tvar min_height = '100';\n\t\t\tvar win_width = jQuery(window).width();\n\t\t\tvar slider_width = jQuery('#sample_slider').width();\n\t\t\tif (win_width < 480) {\n\t\t\t\tvar slide_width = slider_width \/ 1;\n\t\t\t} else if (win_width < 768) {\n\t\t\t\tvar slide_width = slider_width \/ 1;\n\t\t\t} else if (win_width < 980) {\n\t\t\t\tvar slide_width = slider_width \/ 1;\n\t\t\t} else if (win_width < 1200) {\n\t\t\t\tvar slide_width = slider_width \/ 1;\n\t\t\t} else if (win_width < 1500) {\n\t\t\t\tvar slide_width = slider_width \/ 1;\n\t\t\t} else {\n\t\t\t\tvar slide_width = slider_width \/ 1;\n\t\t\t}\n\t\t\tslide_width = Math.round(slide_width);\n\t\t\tvar slide_height = '0';\n\t\t\tif (min_height == 'aspect43') {\n\t\t\t\tslide_height = (slide_width \/ 4) * 3;\t\t\t\tslide_height = Math.round(slide_height);\n\t\t\t} else if (min_height == 'aspect169') {\n\t\t\t\tslide_height = (slide_width \/ 16) * 9;\t\t\t\tslide_height = Math.round(slide_height);\n\t\t\t} else {\n\t\t\t\tslide_height = (slide_width \/ 100) * min_height;\t\t\t\tslide_height = Math.round(slide_height);\n\t\t\t}\n\t\t\tjQuery('#sample_slider .owl-item .sa_hover_container').css('min-height', slide_height+'px');\n\t\t}\n\t\tvar owl_goto = jQuery('#sample_slider');\n\t\tjQuery('.sample_slider_goto1').click(function(event){\n\t\t\towl_goto.trigger('to.owl.carousel', 0);\n\t\t});\n\t\tjQuery('.sample_slider_goto2').click(function(event){\n\t\t\towl_goto.trigger('to.owl.carousel', 1);\n\t\t});\n\t\tjQuery('.sample_slider_goto3').click(function(event){\n\t\t\towl_goto.trigger('to.owl.carousel', 2);\n\t\t});\n\t\tjQuery('.sample_slider_goto4').click(function(event){\n\t\t\towl_goto.trigger('to.owl.carousel', 3);\n\t\t});\n\t\tjQuery('.sample_slider_goto5').click(function(event){\n\t\t\towl_goto.trigger('to.owl.carousel', 4);\n\t\t});\n\t\tvar resize_78 = jQuery('.owl-carousel');\n\t\tresize_78.on('initialized.owl.carousel', function(e) {\n\t\t\tif (typeof(Event) === 'function') {\n\t\t\t\twindow.dispatchEvent(new Event('resize'));\n\t\t\t} else {\n\t\t\t\tvar evt = window.document.createEvent('UIEvents');\n\t\t\t\tevt.initUIEvent('resize', true, false, window, 0);\n\t\t\t\twindow.dispatchEvent(evt);\n\t\t\t}\n\t\t});\n\t});\n<\/script>\n\n<\/div>\n\n\n\n<div class=\"wp-block-column is-layout-flow wp-block-column-is-layout-flow\" style=\"flex-basis:33.33%\"><\/div>\n<\/div>\n","protected":false},"excerpt":{"rendered":"<p>Bienvenue en \u00c9gypte ! R\u00e9alisez votre r\u00eave et vivez une aventure inoubliable! All-Egypt est n\u00e9 d\u2019une passion pour ce pays&nbsp;qui fait r\u00eaver&nbsp;et du d\u00e9sir de le faire d\u00e9couvrir avec autant d\u2019\u00e9merveillement qu\u2019\u00e0 travers&nbsp;mes yeux de passionn\u00e9e en partageant une aventure inoubliable. All-Egypt propose r\u00e9guli\u00e8rement un&nbsp;circuit-d\u00e9couverte accompagn\u00e9&nbsp;avec visites des plus beaux sites du pays. All-Egypt organise&hellip; <a class=\"more-link\" href=\"https:\/\/all-egypt.ch\/\">Poursuivre la lecture <span class=\"screen-reader-text\">Bienvenue en Egypte !<\/span><\/a><\/p>\n","protected":false},"author":1,"featured_media":0,"parent":0,"menu_order":0,"comment_status":"closed","ping_status":"closed","template":"","meta":{"footnotes":""},"class_list":["post-11","page","type-page","status-publish","hentry","entry"],"_links":{"self":[{"href":"https:\/\/all-egypt.ch\/index.php\/wp-json\/wp\/v2\/pages\/11","targetHints":{"allow":["GET"]}}],"collection":[{"href":"https:\/\/all-egypt.ch\/index.php\/wp-json\/wp\/v2\/pages"}],"about":[{"href":"https:\/\/all-egypt.ch\/index.php\/wp-json\/wp\/v2\/types\/page"}],"author":[{"embeddable":true,"href":"https:\/\/all-egypt.ch\/index.php\/wp-json\/wp\/v2\/users\/1"}],"replies":[{"embeddable":true,"href":"https:\/\/all-egypt.ch\/index.php\/wp-json\/wp\/v2\/comments?post=11"}],"version-history":[{"count":63,"href":"https:\/\/all-egypt.ch\/index.php\/wp-json\/wp\/v2\/pages\/11\/revisions"}],"predecessor-version":[{"id":1355,"href":"https:\/\/all-egypt.ch\/index.php\/wp-json\/wp\/v2\/pages\/11\/revisions\/1355"}],"wp:attachment":[{"href":"https:\/\/all-egypt.ch\/index.php\/wp-json\/wp\/v2\/media?parent=11"}],"curies":[{"name":"wp","href":"https:\/\/api.w.org\/{rel}","templated":true}]}}