{"id":12,"date":"2022-12-13T16:10:21","date_gmt":"2022-12-13T15:10:21","guid":{"rendered":"http:\/\/all-egypt.ch\/?page_id=12"},"modified":"2025-05-12T16:39:00","modified_gmt":"2025-05-12T14:39:00","slug":"circuit-accompagne","status":"publish","type":"page","link":"https:\/\/all-egypt.ch\/index.php\/circuit-accompagne\/","title":{"rendered":"Circuit accompagn\u00e9"},"content":{"rendered":"\n<p><\/p>\n\n\n\n<div class=\"wp-block-columns alignwide is-layout-flex wp-container-core-columns-is-layout-9d6595d7 wp-block-columns-is-layout-flex\">\n<div class=\"wp-block-column is-layout-flow wp-block-column-is-layout-flow\" style=\"flex-basis:66.66%\">\n<p class=\"has-large-font-size\"><em>R\u00e9alisez votre r\u00eave et vivez une aventure inoubliable!<\/em><\/p>\n\n\n\n<p class=\"extendedwopts-md-left has-text-align-left has-large-font-size\"><strong>All-Egypt\u00a0<\/strong>organise une fois par an un superbe circuit d\u00e9couverte de l\u2019\u00c9gypte accompagn\u00e9.<br><br><strong>CIRCUIT octobre 2025<\/strong>:<br>Du\u00a0<strong>Caire<\/strong>, gigantesque m\u00e9galopole aux milles minarets grouillante de vie et d\u00e9bordante d&rsquo;intensit\u00e9 et ses incontournables pyramides, \u00e0 la\u00a0<strong>mer Rouge\u00a0<\/strong>et ses merveilleux fonds\u00a0 marins, en passant par le lac Nasser proche de la fronti\u00e8re soudanaise, une\u00a0<strong>descente du Nil\u00a0<\/strong>enchanteresse d&rsquo;<strong>Aswan<\/strong>\u00a0\u00e0\u00a0<strong>Luxor<\/strong>, avec visites des temples qui le bordent et nous replongent dans l&rsquo;histoire, le d\u00e9sert du\u00a0<strong>Sinai<\/strong> avec ses canyons aux couleurs flamboyantes, les oasis et palmeraies verdoyantes jusqu&rsquo;\u00e0 la fameuse et belle\u00a0<strong>Alexandrie<\/strong>, sur la c\u00f4te m\u00e9diterran\u00e9enne.<br><br>T\u00e9l\u00e9chargez le programme <strong>octobre 2025<\/strong> <strong><a href=\"https:\/\/all-egypt.ch\/wp-content\/uploads\/2023\/03\/programme23-FR.pdf\" data-type=\"URL\" data-id=\"https:\/\/all-egypt.ch\/wp-content\/uploads\/2023\/03\/programme23-FR.pdf\">ici<\/a><\/strong>!<br><br><em>Pour toute autre information, contactez-moi \u00e0 info@all-egypt.ch.<\/em><\/p>\n\n\n<div class=\"wp-block-image is-style-rounded wp-duotone-unset-1\">\n<figure class=\"aligncenter size-full is-resized\"><img loading=\"lazy\" decoding=\"async\" width=\"507\" height=\"902\" src=\"https:\/\/all-egypt.ch\/wp-content\/uploads\/2023\/01\/4689018178_23f9a30059_b-1-edited-1.jpg\" alt=\"\" class=\"wp-image-195\" style=\"width:237px;height:421px\" srcset=\"https:\/\/all-egypt.ch\/wp-content\/uploads\/2023\/01\/4689018178_23f9a30059_b-1-edited-1.jpg 507w, https:\/\/all-egypt.ch\/wp-content\/uploads\/2023\/01\/4689018178_23f9a30059_b-1-edited-1-169x300.jpg 169w\" sizes=\"auto, (max-width: 507px) 100vw, 507px\" \/><figcaption class=\"wp-element-caption\">Enluminure du Nil sur un manuscrit du XI si\u00e8cle.<\/figcaption><\/figure>\n<\/div>\n\n<div class=\"wp-block-image\">\n<figure class=\"aligncenter size-full is-resized\"><img loading=\"lazy\" decoding=\"async\" width=\"200\" height=\"200\" src=\"https:\/\/all-egypt.ch\/wp-content\/uploads\/2023\/01\/Eye_of_Horus_Right.svg_-1.png\" alt=\"\" class=\"wp-image-81\" style=\"width:90px;height:90px\" srcset=\"https:\/\/all-egypt.ch\/wp-content\/uploads\/2023\/01\/Eye_of_Horus_Right.svg_-1.png 200w, https:\/\/all-egypt.ch\/wp-content\/uploads\/2023\/01\/Eye_of_Horus_Right.svg_-1-150x150.png 150w\" sizes=\"auto, (max-width: 200px) 100vw, 200px\" \/><\/figure>\n<\/div><\/div>\n\n\n\n<div class=\"wp-block-column is-layout-flow wp-block-column-is-layout-flow\" style=\"flex-basis:33.33%\"><\/div>\n<\/div>\n\n\n\n<div class=\"wp-block-columns alignwide is-layout-flex wp-container-core-columns-is-layout-53642b31 wp-block-columns-is-layout-flex\" style=\"padding-top:0;padding-right:0;padding-bottom:0;padding-left:0\">\n<div class=\"wp-block-column is-layout-flow wp-block-column-is-layout-flow\"><\/div>\n\n\n\n<div class=\"wp-block-column is-vertically-aligned-center is-layout-flow wp-block-column-is-layout-flow\"><\/div>\n<\/div>\n","protected":false},"excerpt":{"rendered":"<p>R\u00e9alisez votre r\u00eave et vivez une aventure inoubliable! All-Egypt\u00a0organise une fois par an un superbe circuit d\u00e9couverte de l\u2019\u00c9gypte accompagn\u00e9. CIRCUIT octobre 2025:Du\u00a0Caire, gigantesque m\u00e9galopole aux milles minarets grouillante de vie et d\u00e9bordante d&rsquo;intensit\u00e9 et ses incontournables pyramides, \u00e0 la\u00a0mer Rouge\u00a0et ses merveilleux fonds\u00a0 marins, en passant par le lac Nasser proche de la fronti\u00e8re&hellip; <a class=\"more-link\" href=\"https:\/\/all-egypt.ch\/index.php\/circuit-accompagne\/\">Poursuivre la lecture <span class=\"screen-reader-text\">Circuit accompagn\u00e9<\/span><\/a><\/p>\n","protected":false},"author":1,"featured_media":0,"parent":0,"menu_order":0,"comment_status":"closed","ping_status":"closed","template":"","meta":{"footnotes":""},"class_list":["post-12","page","type-page","status-publish","hentry","entry"],"_links":{"self":[{"href":"https:\/\/all-egypt.ch\/index.php\/wp-json\/wp\/v2\/pages\/12","targetHints":{"allow":["GET"]}}],"collection":[{"href":"https:\/\/all-egypt.ch\/index.php\/wp-json\/wp\/v2\/pages"}],"about":[{"href":"https:\/\/all-egypt.ch\/index.php\/wp-json\/wp\/v2\/types\/page"}],"author":[{"embeddable":true,"href":"https:\/\/all-egypt.ch\/index.php\/wp-json\/wp\/v2\/users\/1"}],"replies":[{"embeddable":true,"href":"https:\/\/all-egypt.ch\/index.php\/wp-json\/wp\/v2\/comments?post=12"}],"version-history":[{"count":52,"href":"https:\/\/all-egypt.ch\/index.php\/wp-json\/wp\/v2\/pages\/12\/revisions"}],"predecessor-version":[{"id":1385,"href":"https:\/\/all-egypt.ch\/index.php\/wp-json\/wp\/v2\/pages\/12\/revisions\/1385"}],"wp:attachment":[{"href":"https:\/\/all-egypt.ch\/index.php\/wp-json\/wp\/v2\/media?parent=12"}],"curies":[{"name":"wp","href":"https:\/\/api.w.org\/{rel}","templated":true}]}}