{"id":13,"date":"2022-12-13T16:10:21","date_gmt":"2022-12-13T15:10:21","guid":{"rendered":"http:\/\/all-egypt.ch\/?page_id=13"},"modified":"2025-05-12T15:23:09","modified_gmt":"2025-05-12T13:23:09","slug":"voyages-accompagne","status":"publish","type":"page","link":"https:\/\/all-egypt.ch\/index.php\/voyages-accompagne\/","title":{"rendered":"Voyages \u00e0 la carte"},"content":{"rendered":"\n<div class=\"wp-block-columns alignwide is-layout-flex wp-container-core-columns-is-layout-9d6595d7 wp-block-columns-is-layout-flex\">\n<div class=\"wp-block-column is-layout-flow wp-block-column-is-layout-flow\" style=\"flex-basis:66.66%\">\n<p class=\"has-text-align-left has-background has-large-font-size\" style=\"background-color:#ede9dd00\"><br><em><strong>All-Egypt <\/strong>propose des voyages sur mesure de qualit\u00e9\u00a0\u00e0 travers toute l\u2019\u00c9gypte!<\/em><\/p>\n\n\n\n<p class=\"has-text-align-left has-normal-font-size\">Principaux sites \u00e0 visiter\u00a0:<br><strong>Le\u00a0Caire et environs<\/strong><br>\u00b7Le Caire, capitale de l&rsquo;Egypte,\u00a0plus grande ville d&rsquo;Afrique avec 22 millions d&rsquo;habitants<br>\u00b7Les 3 pyramides les plus c\u00e9l\u00e8bres Kheops, Khephren et Mykerinos, situ\u00e9es en bordure de la ville<br>\u00b7La pyramide \u00e0 degr\u00e9s, la pyramide rouge et d&rsquo;autres pyramides\u00a0\u00e0 quelques km de la ville<br>\u00b7La n\u00e9cropole de Sakkara et l&rsquo;ancienne capitale Memphis<br>\u00b7Le mus\u00e9e du Caire qui expose\u00a0plus de\u00a0140 000\u00a0pi\u00e8ces<br>\u00b7La Citadelle abritant la mosqu\u00e9e du roi\u00a0Mohamed Ali<br>\u00b7Le quartier copte avec son \u00e9glise suspendue et son mus\u00e9e<br>\u00b7La Tour du Caire offrant un panorama exceptionnel sur la ville<br>\u00b7L&rsquo;Op\u00e9ra, un des centres culturels les plus importants du pays<br>\u00b7Le parc Al-Azhar, magnifique jardin dominant la ville<br>\u00b7Le bazar (souk) Khan-Al-Khalili et son ambiance typique<br>\u00b7L\u2019oasis Baharia et les d\u00e9serts Noir et Blanc avec leurs formations rocheuses impressionnantes<\/p>\n\n\n\n<p class=\"has-text-align-left has-normal-font-size\"><strong>Alexandrie (c\u00f4te m\u00e9diterran\u00e9enne)<\/strong><br>\u00b7Alexandrie, ville d&rsquo;Alexandre le Grand<br>\u00b7La&nbsp;fameuse biblioth\u00e8que contenant plus d\u2019un million d\u2019ouvrages<br>\u00b7Le Fort de Qayet Bai et l\u2019illustre phare<br>\u00b7L&rsquo;amphith\u00e9atre romain<br>\u00b7Les pilliers de Pompei<br>\u00b7Les catacombes de Kom El Shuqqaffa<br>\u00b7Le mus\u00e9e gr\u00e9co-romain<br>\u00b7Le jardin du Palais de Montazah<br>\u00b7Le bord de mer et le port<br>\u00b7Marsa Matruh et l\u2019oasis de Siwah avec sa source d\u2019eau chaude<br>\u00b7Les villes du Delta du Nil \u2013 Port Said pr\u00e8s du canal de Suez, El Mansoura<\/p>\n\n\n\n<p class=\"has-text-align-left has-normal-font-size\"><strong>Au bord de la mer Rouge &#8211; Sharm El-Sheikh, Hurghada, El Gouna, Dahab<\/strong><br>\u00b7Hurghada, une des stations baln\u00e9aires les plus pris\u00e9es d\u2019Egypte<br>\u00b7El Gouna, village \u00e0 35 km de Hurghada, construit autour d&rsquo;une magnifique marina<br>\u00b7Sharm-El-Sheikh, station baln\u00e9aire haut-standing r\u00e9put\u00e9e<br>\u00b7Dahab, ancien village de p\u00eacheurs typique en bord de mer au pied du Sinai<br>\u00b7Exploration des fonds marins de la mer Rouge, parmi les plus beaux du monde<br>\u00b7D\u00e9sert du Sinai et Canyons<br>\u00b7Monast\u00e8re de Ste-Catherine abritant le Buisson Ardent de Mo\u00efse<br>\u00b7Visite de Petra en Jordanie, une des 7 merveilles du monde<\/p>\n\n\n\n<p class=\"has-text-align-left has-normal-font-size\"><strong>Le long du Nil&nbsp;&#8211; Lac Nasser, Aswan, Abu Simbel, Luxor, Karnak<\/strong><br>\u00b7Aswan, capitale de la Nubie au charme incomparable, d\u00e9part du Nil<br>\u00b7Le temple de Philae \u00e0 Aswan<br>\u00b7Le Haut-Barrage \u00e0 Aswan<br>\u00b7La Carri\u00e8re de granit et l\u2019Ob\u00e9lisque inachev\u00e9 \u00e0 Aswan<br>\u00b7L\u2019\u00eele d\u2019El\u00e9phantine et son jardin botanique \u00e0&nbsp; Aswan<br>\u00b7Le temple d&rsquo;Abu Simbel, compl\u00e8tement inond\u00e9, puis d\u00e9plac\u00e9 sur les rives du Nil<br>\u00b7Croisi\u00e8re sur le lac Nasser pour acc\u00e9der aux temples sauv\u00e9s des eaux et d\u00e9couvrir une faune extraordinaires le long du Nil<br>\u00b7Croisi\u00e8re sur le Nil offrant un panorama de couleurs grandiose<br>\u00b7Croisi\u00e8re sur le Nil en Sandal ou Dahabia (voilier) pour vivre le Nil autrement<br>\u00b7Les temples de Kom Ombo, Edfou, Luxor, Karnak\u2026<br>\u00b7La Vall\u00e9e des rois, les Colosses de Memnon et le temple d&rsquo;Hatchepsout \u00e0 Luxor<\/p>\n\n\n<div class=\"wp-block-image\">\n<figure class=\"aligncenter size-full is-resized\"><img loading=\"lazy\" decoding=\"async\" width=\"200\" height=\"200\" src=\"https:\/\/all-egypt.ch\/wp-content\/uploads\/2023\/01\/Eye_of_Horus_Right.svg_-1.png\" alt=\"\" class=\"wp-image-81\" style=\"width:90px;height:90px\" srcset=\"https:\/\/all-egypt.ch\/wp-content\/uploads\/2023\/01\/Eye_of_Horus_Right.svg_-1.png 200w, https:\/\/all-egypt.ch\/wp-content\/uploads\/2023\/01\/Eye_of_Horus_Right.svg_-1-150x150.png 150w\" sizes=\"auto, (max-width: 200px) 100vw, 200px\" \/><\/figure>\n<\/div>\n\n\n<div class=\"wp-block-columns alignfull is-not-stacked-on-mobile has-extra-small-font-size is-layout-flex wp-container-core-columns-is-layout-9d6595d7 wp-block-columns-is-layout-flex\">\n<div class=\"wp-block-column is-layout-flow wp-block-column-is-layout-flow\"><\/div>\n\n\n\n<div class=\"wp-block-column is-layout-flow wp-block-column-is-layout-flow\">\n<div class=\"wp-block-group\"><div class=\"wp-block-group__inner-container is-layout-constrained wp-block-group-is-layout-constrained\"><\/div><\/div>\n<\/div>\n<\/div>\n<\/div>\n\n\n\n<div class=\"wp-block-column is-layout-flow wp-block-column-is-layout-flow\" style=\"flex-basis:33.33%\"><\/div>\n<\/div>\n","protected":false},"excerpt":{"rendered":"<p>All-Egypt propose des voyages sur mesure de qualit\u00e9\u00a0\u00e0 travers toute l\u2019\u00c9gypte! Principaux sites \u00e0 visiter\u00a0:Le\u00a0Caire et environs\u00b7Le Caire, capitale de l&rsquo;Egypte,\u00a0plus grande ville d&rsquo;Afrique avec 22 millions d&rsquo;habitants\u00b7Les 3 pyramides les plus c\u00e9l\u00e8bres Kheops, Khephren et Mykerinos, situ\u00e9es en bordure de la ville\u00b7La pyramide \u00e0 degr\u00e9s, la pyramide rouge et d&rsquo;autres pyramides\u00a0\u00e0 quelques km de&hellip; <a class=\"more-link\" href=\"https:\/\/all-egypt.ch\/index.php\/voyages-accompagne\/\">Poursuivre la lecture <span class=\"screen-reader-text\">Voyages \u00e0 la carte<\/span><\/a><\/p>\n","protected":false},"author":1,"featured_media":0,"parent":0,"menu_order":0,"comment_status":"closed","ping_status":"closed","template":"","meta":{"footnotes":""},"class_list":["post-13","page","type-page","status-publish","hentry","entry"],"_links":{"self":[{"href":"https:\/\/all-egypt.ch\/index.php\/wp-json\/wp\/v2\/pages\/13","targetHints":{"allow":["GET"]}}],"collection":[{"href":"https:\/\/all-egypt.ch\/index.php\/wp-json\/wp\/v2\/pages"}],"about":[{"href":"https:\/\/all-egypt.ch\/index.php\/wp-json\/wp\/v2\/types\/page"}],"author":[{"embeddable":true,"href":"https:\/\/all-egypt.ch\/index.php\/wp-json\/wp\/v2\/users\/1"}],"replies":[{"embeddable":true,"href":"https:\/\/all-egypt.ch\/index.php\/wp-json\/wp\/v2\/comments?post=13"}],"version-history":[{"count":54,"href":"https:\/\/all-egypt.ch\/index.php\/wp-json\/wp\/v2\/pages\/13\/revisions"}],"predecessor-version":[{"id":1352,"href":"https:\/\/all-egypt.ch\/index.php\/wp-json\/wp\/v2\/pages\/13\/revisions\/1352"}],"wp:attachment":[{"href":"https:\/\/all-egypt.ch\/index.php\/wp-json\/wp\/v2\/media?parent=13"}],"curies":[{"name":"wp","href":"https:\/\/api.w.org\/{rel}","templated":true}]}}