{"id":226,"date":"2023-01-15T18:42:28","date_gmt":"2023-01-15T17:42:28","guid":{"rendered":"https:\/\/all-egypt.ch\/?page_id=226"},"modified":"2025-05-12T15:33:39","modified_gmt":"2025-05-12T13:33:39","slug":"informations-utiles-2","status":"publish","type":"page","link":"https:\/\/all-egypt.ch\/index.php\/informations-utiles-2\/","title":{"rendered":"Informations utiles"},"content":{"rendered":"\n<div class=\"wp-block-columns alignfull is-layout-flex wp-container-core-columns-is-layout-9d6595d7 wp-block-columns-is-layout-flex\">\n<div class=\"wp-block-column is-layout-flow wp-block-column-is-layout-flow\" style=\"flex-basis:66.66%\">\n<div class=\"wp-block-columns alignfull has-background is-layout-flex wp-container-core-columns-is-layout-9d6595d7 wp-block-columns-is-layout-flex\" style=\"background-color:#ffffff00\">\n<div class=\"wp-block-column is-vertically-aligned-top has-background is-layout-flow wp-block-column-is-layout-flow\" style=\"background-color:#ffffff00\">\n<p class=\"has-large-font-size\"><br><strong>Formalit\u00e9s d\u2019entr\u00e9e en \u00c9gypte<\/strong><br>Un visa est n\u00e9cessaire pour les ressortissants Suisses et peut-\u00eatre pris \u00e0 l\u2019arriv\u00e9e au Caire.\u00a0Le passeport doit \u00eatre valide au moins 6 mois apr\u00e8s le retour.<\/p>\n\n\n\n<p class=\"has-large-font-size\"><strong>Bagages<\/strong><br>23 kgs de bagages par personne sont admis. Un bagage \u00e0 main par personne est autoris\u00e9 de max 8 kgs.<strong>&nbsp;<\/strong><\/p>\n\n\n\n<p class=\"has-large-font-size\"><strong>Sant\u00e9<\/strong><br>Aucun vaccin n\u2019est exig\u00e9. Il est pr\u00e9f\u00e9rable d\u2019emporter vos propres m\u00e9dicaments.&nbsp;<\/p>\n\n\n\n<p class=\"has-large-font-size\"><strong>Cuisine\/ Boissons<\/strong><br>Bien que tr\u00e8s diff\u00e9rente de la n\u00f4tre, la cuisine \u00e9gyptienne\/orientale propose quelques sp\u00e9cialit\u00e9s d\u00e9licieuses (petits plats au s\u00e9same ou f\u00e8ves, brochettes de viande, feuilles de vigne farcies, pigeon grill\u00e9, etc.\u2026). Les p\u00e2tisseries sont en g\u00e9n\u00e9ral assez riches. Th\u00e9 noir, caf\u00e9 (pr\u00e9par\u00e9 \u00e0 la turque), karkad\u00e9 (th\u00e9 d\u2019hibiscus) et sodas de toutes sortes sont disponibles en \u00c9gypte, sans oublier les excellents jus de fruits frais (mangue, goyave, fraise, citron, orange..) et l\u2019&nbsp;\u00ab&nbsp;assab&nbsp;\u00bb (jus de canne \u00e0 sucre). De nombreux \u00e9tablissements publics ne proposent pas d\u2019alcool. Et beaucoup de restaurants au Caire pratiquent la&nbsp;\u00ab&nbsp;minimum charge&nbsp;\u00bb&nbsp;: un montant minimum (env. 10 chf) est automatiquement factur\u00e9 \u00e0 chaque personne attabl\u00e9e (se renseigner avant). Ne pas boire l\u2019eau du robinet en \u00c9gypte. L\u2019eau en bouteille est tr\u00e8s bon march\u00e9 et se trouve facilement.&nbsp;<\/p>\n\n\n\n<p class=\"has-large-font-size\"><strong>Climat<\/strong><br>Les temp\u00e9ratures oscillent entre 20\u00b0c et 40\u00b0c selon les r\u00e9gions et les saisons. Au printemps et en automne, entre 25\u00b0c et 30\u00b0c.<\/p>\n\n\n\n<p class=\"has-large-font-size\"><strong>D\u00e9calage horaire<\/strong><br>Il y a 1 heure de d\u00e9calage entre la Suisse et l\u2019\u00c9gypte (+1h) durant la p\u00e9riode hivernale.&nbsp;<\/p>\n\n\n\n<p class=\"has-large-font-size\"><strong>\u00c9lectricit\u00e9<\/strong><br>Les prises suisses (2 branches) peuvent \u00eatre utilis\u00e9es en \u00c9gypte sans adaptateur.&nbsp;Pour les prises \u00e0 3 branches, il faudra un adaptateur.<\/p>\n\n\n\n<p class=\"has-large-font-size\"><strong>Monnaie nationale<\/strong> <br>La livre \u00e9gyptienne (LE) est divis\u00e9e en 100 piastres. Le cours est d\u2019environ 1 chf pour 60 LE. On peut changer les francs suisses dans les banques ou bureaux de change. Des automates \u00e9changent \u00e9galement les euros et dollars. Il est possible de faire des retraits au bancomat avec la carte ec maestro et la carte de la poste, ou de payer par carte de cr\u00e9dit. La vie en \u00c9gypte est tr\u00e8s bon march\u00e9 par rapport \u00e0 la Suisse, sauf les produits import\u00e9s et l\u2019alcool, plus chers.&nbsp;<br><br><strong>Moyens de communication<\/strong> <br>Les t\u00e9l\u00e9phones portables suisses \u00e0 abonnement fonctionnent bien en \u00c9gypte. Pour&nbsp; appeler la Suisse, il faut composer le +41 suivi de votre num\u00e9ro sans le 0 de l\u2019indicatif. Le wifi est disponible dans la plupart des espaces publics.<br><br><strong>V\u00eatements<\/strong> <br>Pr\u00e9voir pour les visites&nbsp;: des v\u00eatements l\u00e9gers et d\u00e9contract\u00e9s (\u00e9ventuellement un petit foulard pour les dames \u2013peut s\u2019acheter sur place-&nbsp; pour se couvrir lors de visites de lieux sacr\u00e9s), des chaussures confortables, un chapeau&nbsp;et des lunettes de soleil; pour l\u2019excursion sur le mont Sinai (altitude env. 2300m)&nbsp;: des habits chauds et une&nbsp;lampe de poche ou frontale&nbsp;; pour le restaurant le soir&nbsp;:&nbsp; des pantalons longs pour les messieurs et tenue libre pour les dames, mais attention, les endroits climatis\u00e9s sont souvent assez frais&nbsp;; des affaires de plage (\u00e9ventuellement chaussons de protection &#8211; coraux). Bien que les \u00c9gyptiens soient tr\u00e8s tol\u00e9rants, les tenues d\u00e9centes sont appr\u00e9ci\u00e9es.&nbsp;<br><br><strong>Achats<\/strong><br>L\u2019artisanat \u00e9gyptien est tr\u00e8s riche et vari\u00e9 et les souks d\u00e9bordent de bijoux, antiquit\u00e9s, objets en cuivre ou en alb\u00e2tre,&nbsp; coton, \u00e9pices, musique, papyrus, tapis, chichas, etc. \u00e0 des prix tr\u00e8s abordables&nbsp;; n\u2019oubliez pas que le marchandage fait partie de la vie \u00e9gyptienne et ne payez jamais le prix demand\u00e9 (\u00e0 diviser par 2 au minimum&nbsp;!).&nbsp;<br><br><strong>S\u00e9curit\u00e9<\/strong><br>La s\u00e9curit\u00e9 est bonne en \u00c9gypte et les touristes sont bien prot\u00e9g\u00e9s. Les \u00c9gyptiens sont en g\u00e9n\u00e9ral honn\u00eates et courtois. Cependant et comme partout, il y a des exceptions. Veillez \u00e0 ne pas provoquer la convoitise et soyez vigilants avec vos valeurs. Il arrive que des \u00c9gyptiens vous demandent de changer quelques pi\u00e8ces d&rsquo;euros contre un billet qu&rsquo;il pourront \u00e9changer en banque.<br><br><strong>Langue<\/strong> <br>La langue officielle est bien entendu l\u2019arabe, mais tout le monde parle anglais. Et dans les endroits touristiques, on peut se faire comprendre dans toutes les langues. Les \u00c9gyptiens appr\u00e9cient beaucoup qu\u2019on les salue ou les remercie dans leur langue.<strong>&nbsp;<\/strong>&nbsp;<\/p>\n\n\n\n<p class=\"has-text-align-center has-normal-font-size\"><strong>Quelques mots toujours utiles:<\/strong><\/p>\n\n\n\n<p class=\"has-text-align-center has-normal-font-size\">Bonjour\/Salut! <strong>Salam ala\u00efkum<\/strong><br>Bienvenue. <strong>Ahlan oua sahlan<\/strong><br>Comment \u00e7a va ? <strong>Ezzayek ?<\/strong><br>Tr\u00e8s bien. <strong>Tamaam<\/strong><br>Merci. <strong>Chukran<\/strong><br>Dieu merci- tr\u00e8s utilis\u00e9, \u00e9galement en r\u00e9ponse \u00e0 Ezzayek? <strong>Al Hamdulillah<\/strong><br>Si Dieu le veut- utilis\u00e9 et \u00e0 utiliser sans mod\u00e9ration. <strong>Incha Allah<\/strong><br>\u00e7a suffit\/laissez-moi tranquille! <strong>Khalaas<\/strong> (prononc\u00e9 <strong>Ralaas<\/strong>)<br>Non. <strong>La\u2019<\/strong><br>Oui. <strong>Ayyoua<\/strong><br>S.V.P. <strong>Law Samaht<\/strong><\/p>\n\n\n\n<figure class=\"wp-block-image size-full is-resized\"><img loading=\"lazy\" decoding=\"async\" width=\"200\" height=\"200\" src=\"http:\/\/all-egypt.ch\/wp-content\/uploads\/2023\/01\/Eye_of_Horus_Right.svg_-1.png\" alt=\"\" class=\"wp-image-81\" style=\"width:90px;height:90px\" srcset=\"https:\/\/all-egypt.ch\/wp-content\/uploads\/2023\/01\/Eye_of_Horus_Right.svg_-1.png 200w, https:\/\/all-egypt.ch\/wp-content\/uploads\/2023\/01\/Eye_of_Horus_Right.svg_-1-150x150.png 150w\" sizes=\"auto, (max-width: 200px) 100vw, 200px\" \/><\/figure>\n<\/div>\n<\/div>\n<\/div>\n<\/div>\n","protected":false},"excerpt":{"rendered":"<p>Formalit\u00e9s d\u2019entr\u00e9e en \u00c9gypteUn visa est n\u00e9cessaire pour les ressortissants Suisses et peut-\u00eatre pris \u00e0 l\u2019arriv\u00e9e au Caire.\u00a0Le passeport doit \u00eatre valide au moins 6 mois apr\u00e8s le retour. Bagages23 kgs de bagages par personne sont admis. Un bagage \u00e0 main par personne est autoris\u00e9 de max 8 kgs.&nbsp; Sant\u00e9Aucun vaccin n\u2019est exig\u00e9. Il est&hellip; <a class=\"more-link\" href=\"https:\/\/all-egypt.ch\/index.php\/informations-utiles-2\/\">Poursuivre la lecture <span class=\"screen-reader-text\">Informations utiles<\/span><\/a><\/p>\n","protected":false},"author":1,"featured_media":0,"parent":0,"menu_order":0,"comment_status":"closed","ping_status":"closed","template":"","meta":{"footnotes":""},"class_list":["post-226","page","type-page","status-publish","hentry","entry"],"_links":{"self":[{"href":"https:\/\/all-egypt.ch\/index.php\/wp-json\/wp\/v2\/pages\/226","targetHints":{"allow":["GET"]}}],"collection":[{"href":"https:\/\/all-egypt.ch\/index.php\/wp-json\/wp\/v2\/pages"}],"about":[{"href":"https:\/\/all-egypt.ch\/index.php\/wp-json\/wp\/v2\/types\/page"}],"author":[{"embeddable":true,"href":"https:\/\/all-egypt.ch\/index.php\/wp-json\/wp\/v2\/users\/1"}],"replies":[{"embeddable":true,"href":"https:\/\/all-egypt.ch\/index.php\/wp-json\/wp\/v2\/comments?post=226"}],"version-history":[{"count":27,"href":"https:\/\/all-egypt.ch\/index.php\/wp-json\/wp\/v2\/pages\/226\/revisions"}],"predecessor-version":[{"id":1364,"href":"https:\/\/all-egypt.ch\/index.php\/wp-json\/wp\/v2\/pages\/226\/revisions\/1364"}],"wp:attachment":[{"href":"https:\/\/all-egypt.ch\/index.php\/wp-json\/wp\/v2\/media?parent=226"}],"curies":[{"name":"wp","href":"https:\/\/api.w.org\/{rel}","templated":true}]}}